{"id":8,"date":"2020-09-19T14:49:18","date_gmt":"2020-09-19T13:49:18","guid":{"rendered":"http:\/\/antiguedadescamafeo.com\/wordpress\/?page_id=8"},"modified":"2020-09-19T15:57:42","modified_gmt":"2020-09-19T14:57:42","slug":"inicio","status":"publish","type":"page","link":"http:\/\/antiguedadescamafeo.com\/","title":{"rendered":"Inicio"},"content":{"rendered":"\n<p><strong>ANTIG\u00dcEDADES CAMAFEO<\/strong>&nbsp;abre sus puertas al p\u00fablico en Septiembre de 1997 de la mano de su propietario Don Adolfo Balboa, como establecimiento dedicado a la compra-venta y a la restauraci\u00f3n de antig\u00fcedades.<\/p>\n\n\n\n<p>Desde el principio, ambas facetas han ido unidas constituyendo uno de sus rasgos m\u00e1s distintivos.<\/p>\n\n\n\n<p>No obstante, su experiencia en este fascinante mundo arranca muchos a\u00f1os antes habiendo tenido tiendas en otras localidades alicantinas y participado en diversas ferias de \u00e1mbito nacional.<\/p>\n\n\n\n<p>En estos a\u00f1os de andadura siempre hemos procurado ofrecer una amplia gama de muebles y objetos antiguos a precios muy asequibles, de manera que estuviesen al alcance de cualquier econom\u00eda. De este modo, lo \u201cantiguo\u201d deja de convertirse en un lujo s\u00f3lo al alcance de una pequena minor\u00eda.<\/p>\n\n\n\n<p>Asimismo, cuidamos mucho la presentaci\u00f3n del g\u00e9nero procurando que \u00e9ste siempre aparezca perfectamente restaurado u ofreciendo un servicio de restauraci\u00f3n adecuado a los gustos o preferencias del cliente.<\/p>\n\n\n\n<p>Para nosotros, el cliente que visita nuestra tienda es lo m\u00e1s importante por eso siempre le ofrecemos un trato gentil y un asesoramiento desinteresado en lo art\u00edstico y en lo decorativo, adem\u00e1s de inmejorables facilidades a la hora del pago.<\/p>\n\n\n\n<p><strong>Te invitamos a comprobarlo!<br>Vis\u00edtanos!<\/strong><\/p>\n","protected":false},"excerpt":{"rendered":"<p>ANTIG\u00dcEDADES CAMAFEO&nbsp;abre sus puertas al p\u00fablico en Septiembre de 1997 de la mano de su propietario Don Adolfo Balboa, como establecimiento dedicado a la compra-venta y a la restauraci\u00f3n de antig\u00fcedades. Desde el principio, ambas facetas han ido unidas constituyendo uno de sus rasgos m\u00e1s distintivos. No obstante, su experiencia en este fascinante mundo arranca &hellip; <\/p>\n<p class=\"link-more\"><a href=\"http:\/\/antiguedadescamafeo.com\/\" class=\"more-link\">Continuar leyendo<span class=\"screen-reader-text\"> \u00abInicio\u00bb<\/span><\/a><\/p>\n","protected":false},"author":1,"featured_media":0,"parent":0,"menu_order":0,"comment_status":"closed","ping_status":"closed","template":"","meta":{"footnotes":""},"class_list":["post-8","page","type-page","status-publish","hentry"],"_links":{"self":[{"href":"http:\/\/antiguedadescamafeo.com\/index.php?rest_route=\/wp\/v2\/pages\/8","targetHints":{"allow":["GET"]}}],"collection":[{"href":"http:\/\/antiguedadescamafeo.com\/index.php?rest_route=\/wp\/v2\/pages"}],"about":[{"href":"http:\/\/antiguedadescamafeo.com\/index.php?rest_route=\/wp\/v2\/types\/page"}],"author":[{"embeddable":true,"href":"http:\/\/antiguedadescamafeo.com\/index.php?rest_route=\/wp\/v2\/users\/1"}],"replies":[{"embeddable":true,"href":"http:\/\/antiguedadescamafeo.com\/index.php?rest_route=%2Fwp%2Fv2%2Fcomments&post=8"}],"version-history":[{"count":2,"href":"http:\/\/antiguedadescamafeo.com\/index.php?rest_route=\/wp\/v2\/pages\/8\/revisions"}],"predecessor-version":[{"id":36,"href":"http:\/\/antiguedadescamafeo.com\/index.php?rest_route=\/wp\/v2\/pages\/8\/revisions\/36"}],"wp:attachment":[{"href":"http:\/\/antiguedadescamafeo.com\/index.php?rest_route=%2Fwp%2Fv2%2Fmedia&parent=8"}],"curies":[{"name":"wp","href":"https:\/\/api.w.org\/{rel}","templated":true}]}}