{"id":9,"date":"2020-09-19T14:49:19","date_gmt":"2020-09-19T13:49:19","guid":{"rendered":"http:\/\/antiguedadescamafeo.com\/wordpress\/?page_id=9"},"modified":"2020-09-19T16:03:55","modified_gmt":"2020-09-19T15:03:55","slug":"acerca-de","status":"publish","type":"page","link":"http:\/\/antiguedadescamafeo.com\/?page_id=9","title":{"rendered":"Nuestro g\u00e9nero"},"content":{"rendered":"\n<p>CAT\u00c1LOGO DE PRODUCTOS ACTUALIZADO<\/p>\n\n\n\n<p>En Camafeo&nbsp;actualizamos nuestra galer\u00eda habitualmente, por eso, pueden consultar nuestro cat\u00e1logo extra de productos a la venta en galer\u00eda de todocoleccion.net :<\/p>\n\n\n\n<p><a href=\"https:\/\/bit.ly\/2FIEKxI\" target=\"_blank\" rel=\"noreferrer noopener\">PINCHE AQU\u00cd<\/a><\/p>\n\n\n\n<p>Y recuerde: si no encuentra lo que busca contacte con nosotros, estaremos encantados de atenderles.<\/p>\n\n\n\n<p>Los productos que habitualmente vendemos son: Muebles, espejos, l\u00e1mparas, pinturas, obra gr\u00e1fica, esculturas, porcelanas, cer\u00e1micas, objetos de cristal u opalina, libros, todo tipo de papel, joyer\u00eda, plater\u00eda, relojes, textiles, abanicos, figuras de Bel\u00e9n, militaria, antiguedades religiosas, etc\u2026<\/p>\n\n\n\n<p>Un saludo<\/p>\n","protected":false},"excerpt":{"rendered":"<p>CAT\u00c1LOGO DE PRODUCTOS ACTUALIZADO En Camafeo&nbsp;actualizamos nuestra galer\u00eda habitualmente, por eso, pueden consultar nuestro cat\u00e1logo extra de productos a la venta en galer\u00eda de todocoleccion.net : PINCHE AQU\u00cd Y recuerde: si no encuentra lo que busca contacte con nosotros, estaremos encantados de atenderles. Los productos que habitualmente vendemos son: Muebles, espejos, l\u00e1mparas, pinturas, obra gr\u00e1fica, &hellip; <\/p>\n<p class=\"link-more\"><a href=\"http:\/\/antiguedadescamafeo.com\/?page_id=9\" class=\"more-link\">Continuar leyendo<span class=\"screen-reader-text\"> \u00abNuestro g\u00e9nero\u00bb<\/span><\/a><\/p>\n","protected":false},"author":1,"featured_media":30,"parent":0,"menu_order":0,"comment_status":"closed","ping_status":"closed","template":"","meta":{"footnotes":""},"class_list":["post-9","page","type-page","status-publish","has-post-thumbnail","hentry"],"_links":{"self":[{"href":"http:\/\/antiguedadescamafeo.com\/index.php?rest_route=\/wp\/v2\/pages\/9","targetHints":{"allow":["GET"]}}],"collection":[{"href":"http:\/\/antiguedadescamafeo.com\/index.php?rest_route=\/wp\/v2\/pages"}],"about":[{"href":"http:\/\/antiguedadescamafeo.com\/index.php?rest_route=\/wp\/v2\/types\/page"}],"author":[{"embeddable":true,"href":"http:\/\/antiguedadescamafeo.com\/index.php?rest_route=\/wp\/v2\/users\/1"}],"replies":[{"embeddable":true,"href":"http:\/\/antiguedadescamafeo.com\/index.php?rest_route=%2Fwp%2Fv2%2Fcomments&post=9"}],"version-history":[{"count":6,"href":"http:\/\/antiguedadescamafeo.com\/index.php?rest_route=\/wp\/v2\/pages\/9\/revisions"}],"predecessor-version":[{"id":42,"href":"http:\/\/antiguedadescamafeo.com\/index.php?rest_route=\/wp\/v2\/pages\/9\/revisions\/42"}],"wp:featuredmedia":[{"embeddable":true,"href":"http:\/\/antiguedadescamafeo.com\/index.php?rest_route=\/wp\/v2\/media\/30"}],"wp:attachment":[{"href":"http:\/\/antiguedadescamafeo.com\/index.php?rest_route=%2Fwp%2Fv2%2Fmedia&parent=9"}],"curies":[{"name":"wp","href":"https:\/\/api.w.org\/{rel}","templated":true}]}}